{"id":359,"date":"2026-02-03T22:32:24","date_gmt":"2026-02-03T19:32:24","guid":{"rendered":"https:\/\/netegitim.com.tr\/?page_id=359"},"modified":"2026-02-03T22:35:33","modified_gmt":"2026-02-03T19:35:33","slug":"359-2","status":"publish","type":"page","link":"https:\/\/netegitim.com.tr\/index.php\/359-2\/","title":{"rendered":"E-S\u0131nav Uygulama \u0130zleme E\u011fitimi S\u0131nav\u0131"},"content":{"rendered":"<p class='wrong_shortcode_text' style='color:red;'>Yanl\u0131\u015f k\u0131sa kod girildi<\/p>\n\n\n\n<p><\/p>\n","protected":false},"excerpt":{"rendered":"","protected":false},"author":1,"featured_media":0,"parent":0,"menu_order":0,"comment_status":"closed","ping_status":"closed","template":"","meta":{"footnotes":""},"class_list":["post-359","page","type-page","status-publish","hentry"],"_links":{"self":[{"href":"https:\/\/netegitim.com.tr\/index.php\/wp-json\/wp\/v2\/pages\/359","targetHints":{"allow":["GET"]}}],"collection":[{"href":"https:\/\/netegitim.com.tr\/index.php\/wp-json\/wp\/v2\/pages"}],"about":[{"href":"https:\/\/netegitim.com.tr\/index.php\/wp-json\/wp\/v2\/types\/page"}],"author":[{"embeddable":true,"href":"https:\/\/netegitim.com.tr\/index.php\/wp-json\/wp\/v2\/users\/1"}],"replies":[{"embeddable":true,"href":"https:\/\/netegitim.com.tr\/index.php\/wp-json\/wp\/v2\/comments?post=359"}],"version-history":[{"count":2,"href":"https:\/\/netegitim.com.tr\/index.php\/wp-json\/wp\/v2\/pages\/359\/revisions"}],"predecessor-version":[{"id":361,"href":"https:\/\/netegitim.com.tr\/index.php\/wp-json\/wp\/v2\/pages\/359\/revisions\/361"}],"wp:attachment":[{"href":"https:\/\/netegitim.com.tr\/index.php\/wp-json\/wp\/v2\/media?parent=359"}],"curies":[{"name":"wp","href":"https:\/\/api.w.org\/{rel}","templated":true}]}}