{"id":347,"date":"2025-12-06T21:42:04","date_gmt":"2025-12-06T18:42:04","guid":{"rendered":"https:\/\/netegitim.com.tr\/?page_id=347"},"modified":"2025-12-06T22:04:07","modified_gmt":"2025-12-06T19:04:07","slug":"elementor-347","status":"publish","type":"page","link":"https:\/\/netegitim.com.tr\/index.php\/elementor-347\/","title":{"rendered":"Sertifika"},"content":{"rendered":"\t\t<div data-elementor-type=\"wp-page\" data-elementor-id=\"347\" class=\"elementor elementor-347\">\n\t\t\t\t<div class=\"aux-parallax-section elementor-element elementor-element-defe3b2 e-flex e-con-boxed e-con e-parent\" data-id=\"defe3b2\" data-element_type=\"container\">\n\t\t\t\t\t<div class=\"e-con-inner\">\n\t\t\t\t<div class=\"elementor-element elementor-element-a86a65a elementor-widget elementor-widget-text-editor\" data-id=\"a86a65a\" data-element_type=\"widget\" data-widget_type=\"text-editor.default\">\n\t\t\t\t\t\t\t\t\t<p><span style=\"color: rgb(60, 67, 74); font-family: Consolas, Monaco, monospace; font-size: 13px; background-color: rgba(0, 0, 0, 0.07);\">    <style>\n        .so-form-container { max-width: 500px; margin: 20px auto; padding: 20px; border: 1px solid #ddd; border-radius: 5px; }\n        .so-form-container label { display: block; margin-bottom: 5px; }\n        .so-form-container input[type=\"text\"], .so-form-container input[type=\"password\"] { width: 100%; padding: 8px; margin-bottom: 10px; box-sizing: border-box; }\n        .so-form-container button { width: 100%; padding: 10px; background-color: #0073aa; color: white; border: none; cursor: pointer; }\n        .so-error { color: red; border: 1px solid red; padding: 10px; margin-bottom: 10px; text-align: center;}\n    <\/style>\n    <div class=\"so-form-container\">\n        <form method=\"post\" action=\"https:\/\/netegitim.com.tr\/wp-admin\/admin-post.php\">\n            <input type=\"hidden\" name=\"action\" value=\"so_generate_certificate\">\n            <input type=\"hidden\" id=\"so_nonce\" name=\"so_nonce\" value=\"2820cd9e69\" \/><input type=\"hidden\" name=\"_wp_http_referer\" value=\"\/index.php\/wp-json\/wp\/v2\/pages\/347\" \/>            <input type=\"hidden\" name=\"so_redirect_url\" value=\"https:\/\/netegitim.com.tr\/index.php\/elementor-347\/\">\n\n            <label for=\"name\">Ad\u0131n\u0131z ve Soyad\u0131n\u0131z:<\/label>\n            <input type=\"text\" id=\"name\" name=\"name\" required>\n\n            <label for=\"password\">Etkinlik Giri\u015f Kodu:<\/label>\n            <input type=\"password\" id=\"password\" name=\"password\" required>\n            \n            <button type=\"submit\">Sertifikam\u0131 Olu\u015ftur<\/button>\n        <\/form>\n    <\/div>\n    <\/span><\/p>\t\t\t\t\t\t\t\t<\/div>\n\t\t\t\t\t<\/div>\n\t\t\t\t<\/div>\n\t\t\t\t<\/div>\n\t\t","protected":false},"excerpt":{"rendered":"","protected":false},"author":1,"featured_media":0,"parent":0,"menu_order":0,"comment_status":"closed","ping_status":"closed","template":"","meta":{"footnotes":""},"class_list":["post-347","page","type-page","status-publish","hentry"],"_links":{"self":[{"href":"https:\/\/netegitim.com.tr\/index.php\/wp-json\/wp\/v2\/pages\/347","targetHints":{"allow":["GET"]}}],"collection":[{"href":"https:\/\/netegitim.com.tr\/index.php\/wp-json\/wp\/v2\/pages"}],"about":[{"href":"https:\/\/netegitim.com.tr\/index.php\/wp-json\/wp\/v2\/types\/page"}],"author":[{"embeddable":true,"href":"https:\/\/netegitim.com.tr\/index.php\/wp-json\/wp\/v2\/users\/1"}],"replies":[{"embeddable":true,"href":"https:\/\/netegitim.com.tr\/index.php\/wp-json\/wp\/v2\/comments?post=347"}],"version-history":[{"count":5,"href":"https:\/\/netegitim.com.tr\/index.php\/wp-json\/wp\/v2\/pages\/347\/revisions"}],"predecessor-version":[{"id":352,"href":"https:\/\/netegitim.com.tr\/index.php\/wp-json\/wp\/v2\/pages\/347\/revisions\/352"}],"wp:attachment":[{"href":"https:\/\/netegitim.com.tr\/index.php\/wp-json\/wp\/v2\/media?parent=347"}],"curies":[{"name":"wp","href":"https:\/\/api.w.org\/{rel}","templated":true}]}}