{"id":247,"date":"2025-04-19T15:34:02","date_gmt":"2025-04-19T12:34:02","guid":{"rendered":"https:\/\/netegitim.com.tr\/?page_id=247"},"modified":"2025-04-19T15:40:15","modified_gmt":"2025-04-19T12:40:15","slug":"egitimci-kayit-icin","status":"publish","type":"page","link":"https:\/\/netegitim.com.tr\/index.php\/egitimci-kayit-icin\/","title":{"rendered":"E\u011fitimci Kay\u0131t i\u00e7in"},"content":{"rendered":"\n<h2 class=\"wp-block-heading\"><\/h2>\n\t\t\t<iframe src=\"https:\/\/docs.google.com\/forms\/d\/e\/1FAIpQLSdlpNO6NHixheF09AkoZhLqzPtaweuIFduE2lL0ukb-dSrTwQ\/viewform?embedded=true\" width=\"640\" height=\"1279\" frameborder=\"0\" marginheight=\"0\" marginwidth=\"0\">Y\u00fckleniyor\u2026<\/iframe>","protected":false},"excerpt":{"rendered":"<p>Y\u00fckleniyor\u2026<\/p>\n","protected":false},"author":1,"featured_media":0,"parent":0,"menu_order":0,"comment_status":"closed","ping_status":"closed","template":"","meta":{"footnotes":""},"class_list":["post-247","page","type-page","status-publish","hentry"],"_links":{"self":[{"href":"https:\/\/netegitim.com.tr\/index.php\/wp-json\/wp\/v2\/pages\/247","targetHints":{"allow":["GET"]}}],"collection":[{"href":"https:\/\/netegitim.com.tr\/index.php\/wp-json\/wp\/v2\/pages"}],"about":[{"href":"https:\/\/netegitim.com.tr\/index.php\/wp-json\/wp\/v2\/types\/page"}],"author":[{"embeddable":true,"href":"https:\/\/netegitim.com.tr\/index.php\/wp-json\/wp\/v2\/users\/1"}],"replies":[{"embeddable":true,"href":"https:\/\/netegitim.com.tr\/index.php\/wp-json\/wp\/v2\/comments?post=247"}],"version-history":[{"count":4,"href":"https:\/\/netegitim.com.tr\/index.php\/wp-json\/wp\/v2\/pages\/247\/revisions"}],"predecessor-version":[{"id":251,"href":"https:\/\/netegitim.com.tr\/index.php\/wp-json\/wp\/v2\/pages\/247\/revisions\/251"}],"wp:attachment":[{"href":"https:\/\/netegitim.com.tr\/index.php\/wp-json\/wp\/v2\/media?parent=247"}],"curies":[{"name":"wp","href":"https:\/\/api.w.org\/{rel}","templated":true}]}}